{"id":341,"date":"2021-08-15T20:51:45","date_gmt":"2021-08-15T20:51:45","guid":{"rendered":"https:\/\/montclairfc.store\/index.php\/terminos-y-condiciones-copy\/"},"modified":"2025-06-06T18:18:29","modified_gmt":"2025-06-06T18:18:29","slug":"politicas-de-envio","status":"publish","type":"page","link":"https:\/\/montclairfc.store\/?page_id=341","title":{"rendered":"SHIPPING POLICIES"},"content":{"rendered":"\t\t<div data-elementor-type=\"wp-page\" data-elementor-id=\"341\" class=\"elementor elementor-341\">\n\t\t\t\t\t\t<section class=\"elementor-section elementor-top-section elementor-element elementor-element-2fc2f7b elementor-section-content-middle elementor-reverse-mobile elementor-section-boxed elementor-section-height-default elementor-section-height-default\" data-id=\"2fc2f7b\" data-element_type=\"section\">\n\t\t\t\t\t\t<div class=\"elementor-container elementor-column-gap-default\">\n\t\t\t\t\t<div class=\"aux-parallax-section elementor-column elementor-col-100 elementor-top-column elementor-element elementor-element-09cb278\" data-id=\"09cb278\" data-element_type=\"column\">\n\t\t\t<div class=\"elementor-widget-wrap elementor-element-populated\">\n\t\t\t\t\t\t<div class=\"elementor-element elementor-element-3682e99 elementor-widget elementor-widget-text-editor\" data-id=\"3682e99\" data-element_type=\"widget\" data-widget_type=\"text-editor.default\">\n\t\t\t\t<div class=\"elementor-widget-container\">\n\t\t\t\t\t\t\t\t\t<h2 style=\"color: red;\"><span class=\"Y2IQFc\" lang=\"en\">SHIPPING POLICIES<\/span><\/h2><h4><span class=\"Y2IQFc\" lang=\"en\">DELIVERY TIME AND RULES<\/span><\/h4><ul><li>Peru Online Storeefectuar\u00e1 el env\u00edo a un domicilio siempre y cuando haya ingresado la direcci\u00f3n correcta donde se enviar\u00e1 el paquete.<\/li><li>Las \u00f3rdenes solo ser\u00e1n entregadas en d\u00edas h\u00e1biles; es decir, de lunes a viernes. No son considerados como d\u00edas h\u00e1biles los feriados.<\/li><li>Los tiempos de entrega en pedidos realizados en v\u00edspera de un feriado, podr\u00e1n incrementarse en 1 o 2 d\u00edas h\u00e1biles adicionales o correspondientes a los d\u00edas feriado.<\/li><li>Los tiempos de entrega var\u00edan dependiendo de la distancia y ubicaci\u00f3n del destinatario (pa\u00eds, ciudad, estado y condado).<\/li><li>Los periodos de entrega son referenciales; por consiguiente, no deben considerarse como fechas l\u00edmites estrictas. Sin embargo, puedes hacer el seguimiento de tu pedido.<\/li><\/ul><h4>CHANGE OF DELIVERY ADDRESS<\/h4><div id=\"tw-target-rmn-container\" class=\"tw-target-rmn tw-ta-container tw-nfl\" tabindex=\"0\" role=\"text\"><pre id=\"tw-target-rmn\" class=\"tw-data-placeholder tw-text-small tw-ta\" dir=\"ltr\" data-placeholder=\"\">\u00a0<\/pre><\/div><div class=\"iYB33c\">\u00a0<\/div><ul><li>No se podr\u00e1 realizar ning\u00fan tipo de cambios de direcci\u00f3n de entrega una vez que el pedido haya sido pagado.<\/li><\/ul><p>Los pedidos de\u00a0Peru Online Store\u00a0llegan a todas las ciudades en las que nuestro proveedor log\u00edstico tenga cobertura.<\/p>\t\t\t\t\t\t\t\t<\/div>\n\t\t\t\t<\/div>\n\t\t\t\t<div class=\"elementor-element elementor-element-98a493c aux-appear-watch-animation aux-fade-in-up elementor-widget elementor-widget-aux_button\" data-id=\"98a493c\" data-element_type=\"widget\" data-widget_type=\"aux_button.default\">\n\t\t\t\t<div class=\"elementor-widget-container\">\n\t\t\t\t\t<a  href=\"https:\/\/montclairfc.store\/?page_id=79\" target=\"_self\"   class=\"aux-button aux-medium aux-carmine-pink aux-curve aux-none aux-uppercase\" ><span class=\"aux-overlay\"><\/span><span class=\"aux-text\">Contact us<\/span><\/a>\t\t\t\t<\/div>\n\t\t\t\t<\/div>\n\t\t\t\t\t<\/div>\n\t\t<\/div>\n\t\t\t\t\t<\/div>\n\t\t<\/section>\n\t\t\t\t<\/div>\n\t\t","protected":false},"excerpt":{"rendered":"<p>SHIPPING POLICIES DELIVERY TIME AND RULES Peru Online Storeefectuar\u00e1 el env\u00edo a un domicilio siempre y cuando haya ingresado la direcci\u00f3n correcta donde se enviar\u00e1 el paquete. Las \u00f3rdenes solo ser\u00e1n entregadas en d\u00edas h\u00e1biles; es decir, de lunes a viernes. No son considerados como d\u00edas h\u00e1biles los feriados. Los tiempos de entrega en pedidos [&hellip;]<\/p>\n","protected":false},"author":1,"featured_media":0,"parent":0,"menu_order":0,"comment_status":"closed","ping_status":"closed","template":"templates\/page-builder-content.php","meta":{"footnotes":""},"class_list":["post-341","page","type-page","status-publish","hentry"],"jetpack_sharing_enabled":true,"_links":{"self":[{"href":"https:\/\/montclairfc.store\/index.php?rest_route=\/wp\/v2\/pages\/341","targetHints":{"allow":["GET"]}}],"collection":[{"href":"https:\/\/montclairfc.store\/index.php?rest_route=\/wp\/v2\/pages"}],"about":[{"href":"https:\/\/montclairfc.store\/index.php?rest_route=\/wp\/v2\/types\/page"}],"author":[{"embeddable":true,"href":"https:\/\/montclairfc.store\/index.php?rest_route=\/wp\/v2\/users\/1"}],"replies":[{"embeddable":true,"href":"https:\/\/montclairfc.store\/index.php?rest_route=%2Fwp%2Fv2%2Fcomments&post=341"}],"version-history":[{"count":14,"href":"https:\/\/montclairfc.store\/index.php?rest_route=\/wp\/v2\/pages\/341\/revisions"}],"predecessor-version":[{"id":1808,"href":"https:\/\/montclairfc.store\/index.php?rest_route=\/wp\/v2\/pages\/341\/revisions\/1808"}],"wp:attachment":[{"href":"https:\/\/montclairfc.store\/index.php?rest_route=%2Fwp%2Fv2%2Fmedia&parent=341"}],"curies":[{"name":"wp","href":"https:\/\/api.w.org\/{rel}","templated":true}]}}