{"id":1060,"date":"2021-10-18T04:19:38","date_gmt":"2021-10-18T04:19:38","guid":{"rendered":"https:\/\/montclairfc.store\/index.php\/product\/camiseta-seleccion-argentina-retro-1978-copy\/"},"modified":"2024-08-22T03:41:05","modified_gmt":"2024-08-22T03:41:05","slug":"camiseta-seleccion-boliviana-copa-america-2021","status":"publish","type":"product","link":"https:\/\/montclairfc.store\/?product=camiseta-seleccion-boliviana-copa-america-2021","title":{"rendered":"Camiseta Selecci\u00f3n Boliviana Copa Am\u00e9rica 2021"},"content":{"rendered":"<p>Con la\u00a0<strong>Camiseta Bolivia Oficial &#8211; Copa Am\u00e9rica 2021<\/strong>\u00a0estar\u00e1s listo para alentar a la selecci\u00f3n boliviana en el torneo m\u00e1s antiguo del mundo. Su tecnolog\u00eda\u00a0<strong>Hidrotec<\/strong>\u00a0transporta el sudor hacia el exterior para facilitar su evaporaci\u00f3n y evitar que se adhiera a tu piel, adem\u00e1s de protecci\u00f3n UV para cuidarte en los juegos a cancha abierta. No esperes m\u00e1s y demuestra tu pasi\u00f3n dentro y fuera de la canchacon\u00a0<strong>Marathon Sports<\/strong>.<\/p>\n<h3><strong>Beneficios del producto<\/strong><\/h3>\n<ul>\n<li>Camiseta oficial<\/li>\n<li>Tecnolog\u00eda\u00a0<strong>Hidrotec<\/strong>\u00a0para una \u00f3ptima gesti\u00f3n de la humedad.<\/li>\n<\/ul>\n","protected":false},"excerpt":{"rendered":"<div>\n<p>Demuestra tu pasi\u00f3n por la selecci\u00f3n con la\u00a0<strong>Camiseta Bolivia<\/strong>\u00a0en esta\u00a0<strong>Copa Am\u00e9rica 2021<\/strong>. Esta<strong>\u00a0camiseta deportiva<\/strong>\u00a0est\u00e1 hecha a partir de una combinaci\u00f3n de suaves materiales y posee un ajuste preciso para una excelente movilidad.<\/p>\n<p>&nbsp;<\/p>\n<\/div>\n<div><\/div>\n","protected":false},"featured_media":1062,"comment_status":"open","ping_status":"closed","template":"","meta":[],"product_brand":[],"product_cat":[28,32],"product_tag":[],"class_list":{"0":"post-1060","1":"product","2":"type-product","3":"status-publish","4":"has-post-thumbnail","6":"product_cat-camisetas","7":"product_cat-selecciones","9":"first","10":"outofstock","11":"shipping-taxable","12":"purchasable","13":"product-type-variable"},"jetpack_sharing_enabled":true,"_links":{"self":[{"href":"https:\/\/montclairfc.store\/index.php?rest_route=\/wp\/v2\/product\/1060","targetHints":{"allow":["GET"]}}],"collection":[{"href":"https:\/\/montclairfc.store\/index.php?rest_route=\/wp\/v2\/product"}],"about":[{"href":"https:\/\/montclairfc.store\/index.php?rest_route=\/wp\/v2\/types\/product"}],"replies":[{"embeddable":true,"href":"https:\/\/montclairfc.store\/index.php?rest_route=%2Fwp%2Fv2%2Fcomments&post=1060"}],"wp:featuredmedia":[{"embeddable":true,"href":"https:\/\/montclairfc.store\/index.php?rest_route=\/wp\/v2\/media\/1062"}],"wp:attachment":[{"href":"https:\/\/montclairfc.store\/index.php?rest_route=%2Fwp%2Fv2%2Fmedia&parent=1060"}],"wp:term":[{"taxonomy":"product_brand","embeddable":true,"href":"https:\/\/montclairfc.store\/index.php?rest_route=%2Fwp%2Fv2%2Fproduct_brand&post=1060"},{"taxonomy":"product_cat","embeddable":true,"href":"https:\/\/montclairfc.store\/index.php?rest_route=%2Fwp%2Fv2%2Fproduct_cat&post=1060"},{"taxonomy":"product_tag","embeddable":true,"href":"https:\/\/montclairfc.store\/index.php?rest_route=%2Fwp%2Fv2%2Fproduct_tag&post=1060"}],"curies":[{"name":"wp","href":"https:\/\/api.w.org\/{rel}","templated":true}]}}