{"id":1065,"date":"2021-10-18T04:59:55","date_gmt":"2021-10-18T04:59:55","guid":{"rendered":"https:\/\/montclairfc.store\/index.php\/product\/camiseta-universitario-de-deportes-2020-copy\/"},"modified":"2023-12-15T03:31:09","modified_gmt":"2023-12-15T03:31:09","slug":"camiseta-universitario-de-deportes-1998","status":"publish","type":"product","link":"https:\/\/montclairfc.store\/?product=camiseta-universitario-de-deportes-1998","title":{"rendered":"Camiseta Universitario de Deportes 1998 Retro"},"content":{"rendered":"<p>Si hay alguna figura hist\u00f3rica identificado con la camiseta crema ese es Lolo Fern\u00e1ndez. El ca\u00f1onero ser\u00e1 siempre la figura del cuadro merengue y por eso en 1997 se le rindi\u00f3 un merecido homenaje con una camiseta hist\u00f3rica. Pocos conocen de ella, pero esta es una reliquia que todo hincha merengue debe tener en su colecci\u00f3n.<\/p>\n<p>Sus cifras hablan por si solo: 161 goles en 180 partidos. Todo un ca\u00f1onero.<\/p>\n","protected":false},"excerpt":{"rendered":"<p>Lleva la garra crema en la cancha o en tu rutina diaria con la\u00a0<strong>camiseta<\/strong>\u00a0de\u00a0<strong>Universitario de Deportes.<\/strong><\/p>\n","protected":false},"featured_media":1067,"comment_status":"open","ping_status":"closed","template":"","meta":[],"product_brand":[],"product_cat":[28,31,55,58],"product_tag":[],"class_list":{"0":"post-1065","1":"product","2":"type-product","3":"status-publish","4":"has-post-thumbnail","6":"product_cat-camisetas","7":"product_cat-clubes","8":"product_cat-nacionales","9":"product_cat-retro","11":"first","12":"outofstock","13":"shipping-taxable","14":"product-type-variable"},"jetpack_sharing_enabled":true,"_links":{"self":[{"href":"https:\/\/montclairfc.store\/index.php?rest_route=\/wp\/v2\/product\/1065","targetHints":{"allow":["GET"]}}],"collection":[{"href":"https:\/\/montclairfc.store\/index.php?rest_route=\/wp\/v2\/product"}],"about":[{"href":"https:\/\/montclairfc.store\/index.php?rest_route=\/wp\/v2\/types\/product"}],"replies":[{"embeddable":true,"href":"https:\/\/montclairfc.store\/index.php?rest_route=%2Fwp%2Fv2%2Fcomments&post=1065"}],"wp:featuredmedia":[{"embeddable":true,"href":"https:\/\/montclairfc.store\/index.php?rest_route=\/wp\/v2\/media\/1067"}],"wp:attachment":[{"href":"https:\/\/montclairfc.store\/index.php?rest_route=%2Fwp%2Fv2%2Fmedia&parent=1065"}],"wp:term":[{"taxonomy":"product_brand","embeddable":true,"href":"https:\/\/montclairfc.store\/index.php?rest_route=%2Fwp%2Fv2%2Fproduct_brand&post=1065"},{"taxonomy":"product_cat","embeddable":true,"href":"https:\/\/montclairfc.store\/index.php?rest_route=%2Fwp%2Fv2%2Fproduct_cat&post=1065"},{"taxonomy":"product_tag","embeddable":true,"href":"https:\/\/montclairfc.store\/index.php?rest_route=%2Fwp%2Fv2%2Fproduct_tag&post=1065"}],"curies":[{"name":"wp","href":"https:\/\/api.w.org\/{rel}","templated":true}]}}