{"id":1110,"date":"2021-11-18T15:27:40","date_gmt":"2021-11-18T15:27:40","guid":{"rendered":"https:\/\/montclairfc.store\/?post_type=product&#038;p=1110"},"modified":"2023-12-15T03:28:59","modified_gmt":"2023-12-15T03:28:59","slug":"camiseta-sporting-cristal-alterna-1997","status":"publish","type":"product","link":"https:\/\/montclairfc.store\/?product=camiseta-sporting-cristal-alterna-1997","title":{"rendered":"Camiseta Sporting Cristal Alterna 1997 Retro"},"content":{"rendered":"<p>Considerado uno de los mejores equipos del f\u00fatbol peruano, Sporting Cristal lleg\u00f3 a la Libertadores de 1997 luego de obtener el Tricampeonato del f\u00fatbol\u00a0local 1994-95-96. Clasific\u00f3 en tercer lugar, por detr\u00e1s de Gremio y Cruzeiro. En el camino, dejaron atr\u00e1s grandes equipos como Velez, Bolivar y Racing para llegar a la final para enfrentarse nuevamente con Cruzeiro. En una final apretada, Cristal roz\u00f3 la gloria cayendo 1-0 frente el equipo dirigido por Paulo Autori.<\/p>\n<p>En aquel equipo destacaban Balerio, Rebosio, Asteggiano, Soto, Garay, Solano, Julinho, Bonnet, entre\u00a0otros. Sin duda, la camiseta m\u00e1s hist\u00f3rica y recordada de cualquier hincha celeste.<\/p>\n","protected":false},"excerpt":{"rendered":"<p><strong>Sporting Cristal<\/strong> es historia, Es familia, es equipo. Sin duda, la camiseta m\u00e1s hist\u00f3rica y recordada de cualquier hincha celeste.<\/p>\n","protected":false},"featured_media":1116,"comment_status":"open","ping_status":"closed","template":"","meta":[],"product_brand":[],"product_cat":[28,31,55,58],"product_tag":[],"class_list":{"0":"post-1110","1":"product","2":"type-product","3":"status-publish","4":"has-post-thumbnail","6":"product_cat-camisetas","7":"product_cat-clubes","8":"product_cat-nacionales","9":"product_cat-retro","11":"first","12":"outofstock","13":"shipping-taxable","14":"product-type-variable"},"jetpack_sharing_enabled":true,"_links":{"self":[{"href":"https:\/\/montclairfc.store\/index.php?rest_route=\/wp\/v2\/product\/1110","targetHints":{"allow":["GET"]}}],"collection":[{"href":"https:\/\/montclairfc.store\/index.php?rest_route=\/wp\/v2\/product"}],"about":[{"href":"https:\/\/montclairfc.store\/index.php?rest_route=\/wp\/v2\/types\/product"}],"replies":[{"embeddable":true,"href":"https:\/\/montclairfc.store\/index.php?rest_route=%2Fwp%2Fv2%2Fcomments&post=1110"}],"wp:featuredmedia":[{"embeddable":true,"href":"https:\/\/montclairfc.store\/index.php?rest_route=\/wp\/v2\/media\/1116"}],"wp:attachment":[{"href":"https:\/\/montclairfc.store\/index.php?rest_route=%2Fwp%2Fv2%2Fmedia&parent=1110"}],"wp:term":[{"taxonomy":"product_brand","embeddable":true,"href":"https:\/\/montclairfc.store\/index.php?rest_route=%2Fwp%2Fv2%2Fproduct_brand&post=1110"},{"taxonomy":"product_cat","embeddable":true,"href":"https:\/\/montclairfc.store\/index.php?rest_route=%2Fwp%2Fv2%2Fproduct_cat&post=1110"},{"taxonomy":"product_tag","embeddable":true,"href":"https:\/\/montclairfc.store\/index.php?rest_route=%2Fwp%2Fv2%2Fproduct_tag&post=1110"}],"curies":[{"name":"wp","href":"https:\/\/api.w.org\/{rel}","templated":true}]}}