{"id":1347,"date":"2021-11-26T17:11:56","date_gmt":"2021-11-26T17:11:56","guid":{"rendered":"https:\/\/montclairfc.store\/?post_type=product&#038;p=1347"},"modified":"2022-04-26T00:19:31","modified_gmt":"2022-04-26T00:19:31","slug":"camiseta-alianza-lima-alterna-2011","status":"publish","type":"product","link":"https:\/\/montclairfc.store\/?product=camiseta-alianza-lima-alterna-2011","title":{"rendered":"Camiseta Alianza Lima Alterna 2011"},"content":{"rendered":"<p>Durante el mes de Octubre <strong>Alianza Lima<\/strong> cambia sus colores tradicionales como homenaje al Se\u00f1or de Los Milagros, Cristo Morado, Cristo Moreno, o como decidan llamarle. Esta tradici\u00f3n se remonta hacia la d\u00e9cada de 1950, y que se mantiene hasta el d\u00eda de hoy con\u00a0la nueva marca: Nike.<\/p>\n<p>Continuando con el motivio religioso de la camiseta, la misma lleva una gran cruz blanca al centro con rebordes dorados contrastando con el morado principal. Sobre el pecho aparece el escudo del club y el logo de Nike en blanco, complet\u00e1ndose el modelo con un cuello tipo polo. Libre de publicidad al frente, la camiseta sufre un poco en el sector de las mangas, donde aparecen dos auspiciantes en cada una, sin mucha combinaci\u00f3n para con el modelo dise\u00f1ado por Nike.<\/p>\n","protected":false},"excerpt":{"rendered":"<p>Nos une la pasi\u00f3n, nos define una historia, todos nuestros corazones palpitan con el mismo sentimiento. <strong>Juntos Somos Coraz\u00f3n, Juntos Somos Alianza.<\/strong><\/p>\n","protected":false},"featured_media":1351,"comment_status":"open","ping_status":"closed","template":"","meta":[],"product_brand":[],"product_cat":[28,31,55],"product_tag":[],"class_list":{"0":"post-1347","1":"product","2":"type-product","3":"status-publish","4":"has-post-thumbnail","6":"product_cat-camisetas","7":"product_cat-clubes","8":"product_cat-nacionales","10":"first","11":"outofstock","12":"shipping-taxable","13":"product-type-variable"},"jetpack_sharing_enabled":true,"_links":{"self":[{"href":"https:\/\/montclairfc.store\/index.php?rest_route=\/wp\/v2\/product\/1347","targetHints":{"allow":["GET"]}}],"collection":[{"href":"https:\/\/montclairfc.store\/index.php?rest_route=\/wp\/v2\/product"}],"about":[{"href":"https:\/\/montclairfc.store\/index.php?rest_route=\/wp\/v2\/types\/product"}],"replies":[{"embeddable":true,"href":"https:\/\/montclairfc.store\/index.php?rest_route=%2Fwp%2Fv2%2Fcomments&post=1347"}],"wp:featuredmedia":[{"embeddable":true,"href":"https:\/\/montclairfc.store\/index.php?rest_route=\/wp\/v2\/media\/1351"}],"wp:attachment":[{"href":"https:\/\/montclairfc.store\/index.php?rest_route=%2Fwp%2Fv2%2Fmedia&parent=1347"}],"wp:term":[{"taxonomy":"product_brand","embeddable":true,"href":"https:\/\/montclairfc.store\/index.php?rest_route=%2Fwp%2Fv2%2Fproduct_brand&post=1347"},{"taxonomy":"product_cat","embeddable":true,"href":"https:\/\/montclairfc.store\/index.php?rest_route=%2Fwp%2Fv2%2Fproduct_cat&post=1347"},{"taxonomy":"product_tag","embeddable":true,"href":"https:\/\/montclairfc.store\/index.php?rest_route=%2Fwp%2Fv2%2Fproduct_tag&post=1347"}],"curies":[{"name":"wp","href":"https:\/\/api.w.org\/{rel}","templated":true}]}}