{"id":1371,"date":"2021-11-26T19:25:02","date_gmt":"2021-11-26T19:25:02","guid":{"rendered":"https:\/\/montclairfc.store\/?post_type=product&#038;p=1371"},"modified":"2024-09-17T01:05:36","modified_gmt":"2024-09-17T01:05:36","slug":"camiseta-alianza-lima-alterna-2018","status":"publish","type":"product","link":"https:\/\/montclairfc.store\/?product=camiseta-alianza-lima-alterna-2018","title":{"rendered":"Camiseta Alianza Lima Alterna 2018"},"content":{"rendered":"<p><strong>Alianza Lima<\/strong> como siempre sucede en octubre\u00a0 luci\u00f3 una camiseta especial &lt;&lt;blanquimorada&gt;&gt; en tributo al Se\u00f1or de los Millagros cuya figura recorrer\u00e1 en dicho mes las calles de la capital peruana en la habitual procesi\u00f3n que re\u00fane a gran parte de su poblaci\u00f3n.<\/p>\n<p>La indumentaria mantiene el estilo del modelo titular cambiando solo el tradicional azul por el morado caracter\u00edstico del Cristo Morado.<\/p>\n<p>La camiseta alterna lleva tres bastones morados sobre el panel frontal blanco. El cuello y logo de Nike se pintan de dorado en honor a Villanueva, mientras que las mangas se mantienen en morado y la espalda conserva los bastones.<\/p>\n","protected":false},"excerpt":{"rendered":"<p>Nos une la pasi\u00f3n, nos define una historia, todos nuestros corazones palpitan con el mismo sentimiento. <strong>Juntos Somos Coraz\u00f3n, Juntos Somos Alianza.<\/strong><\/p>\n","protected":false},"featured_media":1373,"comment_status":"open","ping_status":"closed","template":"","meta":[],"product_brand":[],"product_cat":[28,31,55],"product_tag":[],"class_list":{"0":"post-1371","1":"product","2":"type-product","3":"status-publish","4":"has-post-thumbnail","6":"product_cat-camisetas","7":"product_cat-clubes","8":"product_cat-nacionales","10":"first","11":"instock","12":"shipping-taxable","13":"purchasable","14":"product-type-variable"},"jetpack_sharing_enabled":true,"_links":{"self":[{"href":"https:\/\/montclairfc.store\/index.php?rest_route=\/wp\/v2\/product\/1371","targetHints":{"allow":["GET"]}}],"collection":[{"href":"https:\/\/montclairfc.store\/index.php?rest_route=\/wp\/v2\/product"}],"about":[{"href":"https:\/\/montclairfc.store\/index.php?rest_route=\/wp\/v2\/types\/product"}],"replies":[{"embeddable":true,"href":"https:\/\/montclairfc.store\/index.php?rest_route=%2Fwp%2Fv2%2Fcomments&post=1371"}],"wp:featuredmedia":[{"embeddable":true,"href":"https:\/\/montclairfc.store\/index.php?rest_route=\/wp\/v2\/media\/1373"}],"wp:attachment":[{"href":"https:\/\/montclairfc.store\/index.php?rest_route=%2Fwp%2Fv2%2Fmedia&parent=1371"}],"wp:term":[{"taxonomy":"product_brand","embeddable":true,"href":"https:\/\/montclairfc.store\/index.php?rest_route=%2Fwp%2Fv2%2Fproduct_brand&post=1371"},{"taxonomy":"product_cat","embeddable":true,"href":"https:\/\/montclairfc.store\/index.php?rest_route=%2Fwp%2Fv2%2Fproduct_cat&post=1371"},{"taxonomy":"product_tag","embeddable":true,"href":"https:\/\/montclairfc.store\/index.php?rest_route=%2Fwp%2Fv2%2Fproduct_tag&post=1371"}],"curies":[{"name":"wp","href":"https:\/\/api.w.org\/{rel}","templated":true}]}}