{"id":1397,"date":"2021-11-29T00:23:04","date_gmt":"2021-11-29T00:23:04","guid":{"rendered":"https:\/\/montclairfc.store\/?post_type=product&#038;p=1397"},"modified":"2023-12-15T03:26:08","modified_gmt":"2023-12-15T03:26:08","slug":"camiseta-universitario-de-deportes-2001","status":"publish","type":"product","link":"https:\/\/montclairfc.store\/?product=camiseta-universitario-de-deportes-2001","title":{"rendered":"Camiseta Universitario de Deportes 2001 Retro"},"content":{"rendered":"<p>La temporada 2001 Cerveza Cusque\u00f1a sigui\u00f3 siendo el <i>sponsor<\/i>\u00a0de la camiseta.\u00a0\u00a0Tans Per\u00fa tambi\u00e9n ocup\u00f3 un lugar.<\/p>\n<p>El uniforme oficial se mantuvo en manos de Prime, que para la segunda parte del a\u00f1o sac\u00f3 una interesante camiseta de colecci\u00f3n en homenaje a <strong>Lolo Fern\u00e1ndez.<\/strong><\/p>\n","protected":false},"excerpt":{"rendered":"<p>Lleva la garra crema en la cancha o en tu rutina diaria con la\u00a0<strong>camiseta<\/strong>\u00a0de\u00a0<strong>Universitario de Deportes.<\/strong><\/p>\n","protected":false},"featured_media":1399,"comment_status":"open","ping_status":"closed","template":"","meta":[],"product_brand":[],"product_cat":[28,31,55,58],"product_tag":[],"class_list":{"0":"post-1397","1":"product","2":"type-product","3":"status-publish","4":"has-post-thumbnail","6":"product_cat-camisetas","7":"product_cat-clubes","8":"product_cat-nacionales","9":"product_cat-retro","11":"first","12":"outofstock","13":"shipping-taxable","14":"product-type-variable"},"jetpack_sharing_enabled":true,"_links":{"self":[{"href":"https:\/\/montclairfc.store\/index.php?rest_route=\/wp\/v2\/product\/1397","targetHints":{"allow":["GET"]}}],"collection":[{"href":"https:\/\/montclairfc.store\/index.php?rest_route=\/wp\/v2\/product"}],"about":[{"href":"https:\/\/montclairfc.store\/index.php?rest_route=\/wp\/v2\/types\/product"}],"replies":[{"embeddable":true,"href":"https:\/\/montclairfc.store\/index.php?rest_route=%2Fwp%2Fv2%2Fcomments&post=1397"}],"wp:featuredmedia":[{"embeddable":true,"href":"https:\/\/montclairfc.store\/index.php?rest_route=\/wp\/v2\/media\/1399"}],"wp:attachment":[{"href":"https:\/\/montclairfc.store\/index.php?rest_route=%2Fwp%2Fv2%2Fmedia&parent=1397"}],"wp:term":[{"taxonomy":"product_brand","embeddable":true,"href":"https:\/\/montclairfc.store\/index.php?rest_route=%2Fwp%2Fv2%2Fproduct_brand&post=1397"},{"taxonomy":"product_cat","embeddable":true,"href":"https:\/\/montclairfc.store\/index.php?rest_route=%2Fwp%2Fv2%2Fproduct_cat&post=1397"},{"taxonomy":"product_tag","embeddable":true,"href":"https:\/\/montclairfc.store\/index.php?rest_route=%2Fwp%2Fv2%2Fproduct_tag&post=1397"}],"curies":[{"name":"wp","href":"https:\/\/api.w.org\/{rel}","templated":true}]}}