{"id":557,"date":"2021-09-03T17:17:05","date_gmt":"2021-09-03T17:17:05","guid":{"rendered":"https:\/\/montclairfc.store\/?post_type=product&#038;p=557"},"modified":"2024-07-02T21:39:10","modified_gmt":"2024-07-02T21:39:10","slug":"camiseta-seleccion-peruana-jugador-arquero-alterna-copa-america-2019-3","status":"publish","type":"product","link":"https:\/\/montclairfc.store\/?product=camiseta-seleccion-peruana-jugador-arquero-alterna-copa-america-2019-3","title":{"rendered":"Camiseta Selecci\u00f3n Peruana Jugador Arquero Alterna Copa Am\u00e9rica 2019"},"content":{"rendered":"<p>La selecci\u00f3n se prepara para salir a la cancha\u00a0con la\u00a0<strong>Camiseta Per\u00fa Jugador Arquero Alterna Copa Am\u00e9rica 2019<\/strong>, la piel que el once llevar\u00e1 en cada partido. Hecha por\u00a0<strong>Marathon Sports<\/strong>, esta\u00a0<strong>camiseta de f\u00fatbol<\/strong> est\u00e1 inspirada en un estilo retro de los a\u00f1os 70 y agrega dos estrellas cerca al pecho que hacen alusi\u00f3n a las dos veces que Per\u00fa sali\u00f3 campe\u00f3n del torneo en 1939 y 1975. Su estructura <strong>Slim Active<\/strong>\u00a0hace que se adapte a tu figura, mientras que la<strong>\u00a0tecnolog\u00eda Hidrotec<\/strong>\u00a0permite una r\u00e1pida evaporaci\u00f3n del sudor para un m\u00e1ximo confort en la cancha. Para aumentar el flujo de aire en cada jugada, agrega unas\u00a0<strong>perforaciones l\u00e1ser de alta precisi\u00f3n<\/strong>\u00a0y una parte posterior hecha de una textura micro perforada. Grita los goles y vive la pasi\u00f3n por el equipo de todos.<\/p>\n<h3>Beneficios del producto<\/h3>\n<ul>\n<li>Hecha con 95 % poli\u00e9ster y 5 % elastano.<\/li>\n<li>Tiene una estructura de costuras planas para evitar irritaciones.<\/li>\n<li>Agrega el detalle de dos estrellas que representan las Copa Am\u00e9rica ganadas en la historia del pa\u00eds.<\/li>\n<li>A\u00f1ade unas perforaciones l\u00e1ser de alta precisi\u00f3n en los laterales para un m\u00e1ximo flujo de aire.<\/li>\n<li>Tiene un dise\u00f1o\u00a0<strong>Slim Active<\/strong>\u00a0que se adapta a tu figura y tus movimientos.<\/li>\n<li>Posee una parte posterior hecha de poli\u00e9ster con textura micro perforada para una mejor ventilaci\u00f3n durante laactividad.<\/li>\n<li>Incorpora\u00a0<strong>tecnolog\u00eda Hidrotec<\/strong>\u00a0para un mejor control del sudor y humedad del cuerpo.<\/li>\n<li>Viene con\u00a0<strong>protecci\u00f3n UV<\/strong>\u00a0que garantiza durabilidad del tejido y cuida de tu piel.<\/li>\n<li>Cuenta con bordes el\u00e1sticos y acanalados en las mangas con una franja dorada para un mayor realce.<\/li>\n<li>Viene con un cuello tipo camisa abierto que le da un aire retro.<\/li>\n<li>Suma tecnolog\u00eda antiolor.<\/li>\n<li>Tiene el sello oficial de la\u00a0<strong>Federaci\u00f3n Peruana de F\u00fatbol<\/strong>\u00a0en TPU con detalles de alta densidad.<\/li>\n<\/ul>\n","protected":false},"excerpt":{"rendered":"<p>Demuestra tu pasi\u00f3n por la selecci\u00f3n con la\u00a0<strong>Camiseta Per\u00fa Jugador Arquero Alterna <\/strong><strong>Copa Am\u00e9rica 2019. <\/strong>Esta<strong>\u00a0camiseta deportiva<\/strong> est\u00e1 hecha a partir de una combinaci\u00f3n de suaves materiales y posee un ajuste preciso para una excelente movilidad.<\/p>\n","protected":false},"featured_media":564,"comment_status":"open","ping_status":"closed","template":"","meta":[],"product_brand":[],"product_cat":[28,30],"product_tag":[],"class_list":{"0":"post-557","1":"product","2":"type-product","3":"status-publish","4":"has-post-thumbnail","6":"product_cat-camisetas","7":"product_cat-fpf","9":"first","10":"outofstock","11":"shipping-taxable","12":"product-type-variable"},"jetpack_sharing_enabled":true,"_links":{"self":[{"href":"https:\/\/montclairfc.store\/index.php?rest_route=\/wp\/v2\/product\/557","targetHints":{"allow":["GET"]}}],"collection":[{"href":"https:\/\/montclairfc.store\/index.php?rest_route=\/wp\/v2\/product"}],"about":[{"href":"https:\/\/montclairfc.store\/index.php?rest_route=\/wp\/v2\/types\/product"}],"replies":[{"embeddable":true,"href":"https:\/\/montclairfc.store\/index.php?rest_route=%2Fwp%2Fv2%2Fcomments&post=557"}],"wp:featuredmedia":[{"embeddable":true,"href":"https:\/\/montclairfc.store\/index.php?rest_route=\/wp\/v2\/media\/564"}],"wp:attachment":[{"href":"https:\/\/montclairfc.store\/index.php?rest_route=%2Fwp%2Fv2%2Fmedia&parent=557"}],"wp:term":[{"taxonomy":"product_brand","embeddable":true,"href":"https:\/\/montclairfc.store\/index.php?rest_route=%2Fwp%2Fv2%2Fproduct_brand&post=557"},{"taxonomy":"product_cat","embeddable":true,"href":"https:\/\/montclairfc.store\/index.php?rest_route=%2Fwp%2Fv2%2Fproduct_cat&post=557"},{"taxonomy":"product_tag","embeddable":true,"href":"https:\/\/montclairfc.store\/index.php?rest_route=%2Fwp%2Fv2%2Fproduct_tag&post=557"}],"curies":[{"name":"wp","href":"https:\/\/api.w.org\/{rel}","templated":true}]}}