{"id":573,"date":"2021-09-03T17:24:46","date_gmt":"2021-09-03T17:24:46","guid":{"rendered":"https:\/\/montclairfc.store\/?post_type=product&#038;p=573"},"modified":"2023-09-03T00:56:42","modified_gmt":"2023-09-03T00:56:42","slug":"camiseta-seleccion-peruana-estadio-copa-america-2019","status":"publish","type":"product","link":"https:\/\/montclairfc.store\/?product=camiseta-seleccion-peruana-estadio-copa-america-2019","title":{"rendered":"Camiseta Selecci\u00f3n Peruana Estadio Copa Am\u00e9rica 2019"},"content":{"rendered":"<div>Hecha para la mejor hinchada del mundo, <strong>Marathon Sports<\/strong>\u00a0presenta la\u00a0<strong>Camiseta Per\u00fa Estadio Copa Am\u00e9rica 2019<\/strong>. Esta\u00a0<strong>camiseta de f\u00fatbol<\/strong>\u00a0cuenta con un cuello tipo camisa inspirado en el f\u00fatbol de los a\u00f1os 70 y le rinde homenaje a las Copa Am\u00e9rica de 1939 y 1975, a\u00f1os en los que Per\u00fa sali\u00f3 campe\u00f3n del torneo. Para aportarte mayor frescura, posee<strong>\u00a0tecnolog\u00eda Hidrotec<\/strong>\u00a0que absorbe y seca el sudor del cuerpo y viene con una espalda hecha de una textura micro perforada para dejar fluir el aire con mayor efectividad. Alienta a la blanquirroja como nunca antes.<\/div>\n<div>\n<h3>Beneficios del producto<\/h3>\n<ul>\n<li>Hecha con 95 % poli\u00e9ster y 5 % spandex.<\/li>\n<li>Incorpora\u00a0<strong>tecnolog\u00eda Hidrotec<\/strong>\u00a0para un mejor control del sudor y humedad del cuerpo.<\/li>\n<li>Tiene el sello oficial de la <strong>Federaci\u00f3n Peruana de F\u00fatbol<\/strong>\u00a0con\u00a0<em>Transfer Coversealing<\/em>.<\/li>\n<li>Suma tecnolog\u00eda antiolor.<\/li>\n<li>Viene con un cuello tipo camisa abierto que le da un aire retro.<\/li>\n<li>Cuenta con bordes el\u00e1sticos y acanalados en las mangas con una franja dorada para un mayor realce.<\/li>\n<li>Posee una espalda hecha de poli\u00e9ster con textura micro perforada que brinda mayor ventilaci\u00f3n.<\/li>\n<li>Agrega el detalle de dos estrellas que representan las Copa Am\u00e9rica ganadas en la historia por la selecci\u00f3n.<\/li>\n<\/ul>\n<\/div>\n","protected":false},"excerpt":{"rendered":"<p>Demuestra tu pasi\u00f3n por la selecci\u00f3n con la\u00a0<strong>Camiseta Per\u00fa Estadio<\/strong>\u00a0<strong>Copa Am\u00e9rica 2019<\/strong>. Esta<strong>\u00a0camiseta deportiva<\/strong> est\u00e1 hecha a partir de una combinaci\u00f3n de suaves materiales y posee un ajuste preciso para una excelente movilidad.<\/p>\n<p>&nbsp;<\/p>\n","protected":false},"featured_media":580,"comment_status":"open","ping_status":"closed","template":"","meta":[],"product_brand":[],"product_cat":[28,30],"product_tag":[],"class_list":{"0":"post-573","1":"product","2":"type-product","3":"status-publish","4":"has-post-thumbnail","6":"product_cat-camisetas","7":"product_cat-fpf","9":"first","10":"instock","11":"shipping-taxable","12":"purchasable","13":"product-type-variable"},"jetpack_sharing_enabled":true,"_links":{"self":[{"href":"https:\/\/montclairfc.store\/index.php?rest_route=\/wp\/v2\/product\/573","targetHints":{"allow":["GET"]}}],"collection":[{"href":"https:\/\/montclairfc.store\/index.php?rest_route=\/wp\/v2\/product"}],"about":[{"href":"https:\/\/montclairfc.store\/index.php?rest_route=\/wp\/v2\/types\/product"}],"replies":[{"embeddable":true,"href":"https:\/\/montclairfc.store\/index.php?rest_route=%2Fwp%2Fv2%2Fcomments&post=573"}],"wp:featuredmedia":[{"embeddable":true,"href":"https:\/\/montclairfc.store\/index.php?rest_route=\/wp\/v2\/media\/580"}],"wp:attachment":[{"href":"https:\/\/montclairfc.store\/index.php?rest_route=%2Fwp%2Fv2%2Fmedia&parent=573"}],"wp:term":[{"taxonomy":"product_brand","embeddable":true,"href":"https:\/\/montclairfc.store\/index.php?rest_route=%2Fwp%2Fv2%2Fproduct_brand&post=573"},{"taxonomy":"product_cat","embeddable":true,"href":"https:\/\/montclairfc.store\/index.php?rest_route=%2Fwp%2Fv2%2Fproduct_cat&post=573"},{"taxonomy":"product_tag","embeddable":true,"href":"https:\/\/montclairfc.store\/index.php?rest_route=%2Fwp%2Fv2%2Fproduct_tag&post=573"}],"curies":[{"name":"wp","href":"https:\/\/api.w.org\/{rel}","templated":true}]}}