{"id":640,"date":"2021-09-08T21:14:50","date_gmt":"2021-09-08T21:14:50","guid":{"rendered":"https:\/\/montclairfc.store\/?post_type=product&#038;p=640"},"modified":"2025-04-11T20:25:03","modified_gmt":"2025-04-11T20:25:03","slug":"camiseta-seleccion-peruana-1985","status":"publish","type":"product","link":"https:\/\/montclairfc.store\/?product=camiseta-seleccion-peruana-1985","title":{"rendered":"Camiseta Selecci\u00f3n Peruana 1985 Retro"},"content":{"rendered":"<p>La exitosa relaci\u00f3n de Adidas con el f\u00fatbol peruano a nivel de mayores termina con las eliminatorias para el Mundial de M\u00e9xico en 1985. Per\u00fa particip\u00f3 entonces en el mismo grupo que Argentina y Colombia. La \u00faltima camiseta Adidas se utiliz\u00f3 en los dos partidos de repechaje contra Chile, donde se us\u00f3 una singular variante, con un escudo con colores invertidos, como lo pueden apreciar en las fotos.<\/p>\n","protected":false},"excerpt":{"rendered":"<div>\n<p>Demuestra tu pasi\u00f3n por la selecci\u00f3n con la\u00a0<strong>Camiseta Per\u00fa Retro 1985<\/strong><strong>. <\/strong>Esta<strong>\u00a0camiseta deportiva<\/strong> est\u00e1 hecha a partir de una combinaci\u00f3n de suaves materiales y posee un ajuste preciso para una excelente movilidad.<\/p>\n<p>&nbsp;<\/p>\n<\/div>\n<div><\/div>\n","protected":false},"featured_media":1102,"comment_status":"open","ping_status":"closed","template":"","meta":[],"product_brand":[],"product_cat":[28,30,58],"product_tag":[],"class_list":{"0":"post-640","1":"product","2":"type-product","3":"status-publish","4":"has-post-thumbnail","6":"product_cat-camisetas","7":"product_cat-fpf","8":"product_cat-retro","10":"first","11":"outofstock","12":"shipping-taxable","13":"product-type-variable"},"jetpack_sharing_enabled":true,"_links":{"self":[{"href":"https:\/\/montclairfc.store\/index.php?rest_route=\/wp\/v2\/product\/640","targetHints":{"allow":["GET"]}}],"collection":[{"href":"https:\/\/montclairfc.store\/index.php?rest_route=\/wp\/v2\/product"}],"about":[{"href":"https:\/\/montclairfc.store\/index.php?rest_route=\/wp\/v2\/types\/product"}],"replies":[{"embeddable":true,"href":"https:\/\/montclairfc.store\/index.php?rest_route=%2Fwp%2Fv2%2Fcomments&post=640"}],"wp:featuredmedia":[{"embeddable":true,"href":"https:\/\/montclairfc.store\/index.php?rest_route=\/wp\/v2\/media\/1102"}],"wp:attachment":[{"href":"https:\/\/montclairfc.store\/index.php?rest_route=%2Fwp%2Fv2%2Fmedia&parent=640"}],"wp:term":[{"taxonomy":"product_brand","embeddable":true,"href":"https:\/\/montclairfc.store\/index.php?rest_route=%2Fwp%2Fv2%2Fproduct_brand&post=640"},{"taxonomy":"product_cat","embeddable":true,"href":"https:\/\/montclairfc.store\/index.php?rest_route=%2Fwp%2Fv2%2Fproduct_cat&post=640"},{"taxonomy":"product_tag","embeddable":true,"href":"https:\/\/montclairfc.store\/index.php?rest_route=%2Fwp%2Fv2%2Fproduct_tag&post=640"}],"curies":[{"name":"wp","href":"https:\/\/api.w.org\/{rel}","templated":true}]}}