{"id":652,"date":"2021-09-08T22:41:02","date_gmt":"2021-09-08T22:41:02","guid":{"rendered":"https:\/\/montclairfc.store\/?post_type=product&#038;p=652"},"modified":"2021-12-17T04:58:59","modified_gmt":"2021-12-17T04:58:59","slug":"camiseta-seleccion-peruana-alterna-2018","status":"publish","type":"product","link":"https:\/\/montclairfc.store\/?product=camiseta-seleccion-peruana-alterna-2018","title":{"rendered":"Camiseta Selecci\u00f3n Peruana Alterna 2018"},"content":{"rendered":"<p>La marca inglesa Umbro visti\u00f3 a la Selecci\u00f3n Peruana en Rusia y saco un modelo hist\u00f3rico por el regreso del equipo de todos a un Mundial luego de 36 a\u00f1os.<\/p>\n<div>La franja es la huella digital de nuestra camiseta. Es lo que no puede cambiar. Simboliza la sangre y el esfuerzo de los jugadores.<\/div>\n<div>La han llamado &#8216;la camiseta m\u00e1s bonita de este hermoso juego&#8217; y est\u00e1 a la altura de esas con su dise\u00f1o simple pero distintivo.<\/div>\n<div>Per\u00fa tiene uno de los mejores dise\u00f1os de camiseta en la historia de los deportes. Ha sido muy elogiada cada vez que engalanado la fase final de la Copa del Mundo.<\/div>\n<p>La camiseta alterna oficial 2018 para el mundial, mantuvo el cl\u00e1sico rojo en una tonalidad m\u00e1s oscura, con la franja blanca m\u00e1s ancha y elegantes bordes dorados, adem\u00e1s de destacar los detalles en los hombros en sobre tono.<\/p>\n","protected":false},"excerpt":{"rendered":"<p>Demuestra tu pasi\u00f3n por la selecci\u00f3n nacional con <strong>Umbro<\/strong>. La\u00a0<strong>camiseta Umbro FPF<\/strong> est\u00e1 pensada para tu rutina diaria o entrenamientos. Esta <strong>camiseta deportiva<\/strong>\u00a0est\u00e1 hecho a partir de una combinaci\u00f3n de suaves materiales y posee un ajuste preciso para una excelente movilidad.<\/p>\n","protected":false},"featured_media":663,"comment_status":"open","ping_status":"closed","template":"","meta":[],"product_brand":[],"product_cat":[28,30],"product_tag":[],"class_list":{"0":"post-652","1":"product","2":"type-product","3":"status-publish","4":"has-post-thumbnail","6":"product_cat-camisetas","7":"product_cat-fpf","9":"first","10":"instock","11":"shipping-taxable","12":"purchasable","13":"product-type-variable"},"jetpack_sharing_enabled":true,"_links":{"self":[{"href":"https:\/\/montclairfc.store\/index.php?rest_route=\/wp\/v2\/product\/652","targetHints":{"allow":["GET"]}}],"collection":[{"href":"https:\/\/montclairfc.store\/index.php?rest_route=\/wp\/v2\/product"}],"about":[{"href":"https:\/\/montclairfc.store\/index.php?rest_route=\/wp\/v2\/types\/product"}],"replies":[{"embeddable":true,"href":"https:\/\/montclairfc.store\/index.php?rest_route=%2Fwp%2Fv2%2Fcomments&post=652"}],"wp:featuredmedia":[{"embeddable":true,"href":"https:\/\/montclairfc.store\/index.php?rest_route=\/wp\/v2\/media\/663"}],"wp:attachment":[{"href":"https:\/\/montclairfc.store\/index.php?rest_route=%2Fwp%2Fv2%2Fmedia&parent=652"}],"wp:term":[{"taxonomy":"product_brand","embeddable":true,"href":"https:\/\/montclairfc.store\/index.php?rest_route=%2Fwp%2Fv2%2Fproduct_brand&post=652"},{"taxonomy":"product_cat","embeddable":true,"href":"https:\/\/montclairfc.store\/index.php?rest_route=%2Fwp%2Fv2%2Fproduct_cat&post=652"},{"taxonomy":"product_tag","embeddable":true,"href":"https:\/\/montclairfc.store\/index.php?rest_route=%2Fwp%2Fv2%2Fproduct_tag&post=652"}],"curies":[{"name":"wp","href":"https:\/\/api.w.org\/{rel}","templated":true}]}}