{"id":662,"date":"2021-09-08T22:59:33","date_gmt":"2021-09-08T22:59:33","guid":{"rendered":"https:\/\/montclairfc.store\/index.php\/product\/camiseta-seleccion-peruana-2018-copy\/"},"modified":"2022-04-26T00:20:25","modified_gmt":"2022-04-26T00:20:25","slug":"camiseta-seleccion-peruana-2018","status":"publish","type":"product","link":"https:\/\/montclairfc.store\/?product=camiseta-seleccion-peruana-2018","title":{"rendered":"Camiseta Selecci\u00f3n Peruana 2018"},"content":{"rendered":"<p>La marca inglesa Umbro visti\u00f3 a la Selecci\u00f3n Peruana en Rusia y saco un modelo hist\u00f3rico por el regreso del equipo de todos a un Mundial luego de 36 a\u00f1os.<\/p>\n<div>La franja es la huella digital de nuestra camiseta. Es lo que no puede cambiar. Simboliza la sangre y el esfuerzo de los jugadores.<\/div>\n<div>La han llamado &#8216;la camiseta m\u00e1s bonita de este hermoso juego&#8217; y est\u00e1 a la altura de esas con su dise\u00f1o simple pero distintivo.<\/div>\n<div>Per\u00fa tiene uno de los mejores dise\u00f1os de camiseta en la historia de los deportes. Ha sido muy elogiada cada vez que engalanado la fase final de la Copa del Mundo.<\/div>\n<div>La camiseta oficial 2018, la que Per\u00fa utilizo en el Mundial, mantuvo la hist\u00f3rica franja roja que continua por abajo en tejido brillante, que recuerda las antiguas banderas de sat\u00e9n, con unos ribetes dorados que realzan su elegancia. En las mangas utilizaron el tejido de elastano para mayor comodidad y libertad de movimiento, con detalles dorados en los hombros. Adem\u00e1s el entalle es ce\u00f1ido, con ajuste al cuerpo para mayor confort.<\/div>\n","protected":false},"excerpt":{"rendered":"<p>Demuestra tu pasi\u00f3n por la selecci\u00f3n nacional con <strong>Umbro<\/strong>. La\u00a0<strong>camiseta Umbro FPF<\/strong> est\u00e1 pensada para tu rutina diaria o entrenamientos. Esta <strong>camiseta deportiva<\/strong>\u00a0est\u00e1 hecho a partir de una combinaci\u00f3n de suaves materiales y posee un ajuste preciso para una excelente movilidad.<\/p>\n","protected":false},"featured_media":653,"comment_status":"open","ping_status":"closed","template":"","meta":[],"product_brand":[],"product_cat":[28,30],"product_tag":[],"class_list":{"0":"post-662","1":"product","2":"type-product","3":"status-publish","4":"has-post-thumbnail","6":"product_cat-camisetas","7":"product_cat-fpf","9":"first","10":"outofstock","11":"shipping-taxable","12":"product-type-variable"},"jetpack_sharing_enabled":true,"_links":{"self":[{"href":"https:\/\/montclairfc.store\/index.php?rest_route=\/wp\/v2\/product\/662","targetHints":{"allow":["GET"]}}],"collection":[{"href":"https:\/\/montclairfc.store\/index.php?rest_route=\/wp\/v2\/product"}],"about":[{"href":"https:\/\/montclairfc.store\/index.php?rest_route=\/wp\/v2\/types\/product"}],"replies":[{"embeddable":true,"href":"https:\/\/montclairfc.store\/index.php?rest_route=%2Fwp%2Fv2%2Fcomments&post=662"}],"wp:featuredmedia":[{"embeddable":true,"href":"https:\/\/montclairfc.store\/index.php?rest_route=\/wp\/v2\/media\/653"}],"wp:attachment":[{"href":"https:\/\/montclairfc.store\/index.php?rest_route=%2Fwp%2Fv2%2Fmedia&parent=662"}],"wp:term":[{"taxonomy":"product_brand","embeddable":true,"href":"https:\/\/montclairfc.store\/index.php?rest_route=%2Fwp%2Fv2%2Fproduct_brand&post=662"},{"taxonomy":"product_cat","embeddable":true,"href":"https:\/\/montclairfc.store\/index.php?rest_route=%2Fwp%2Fv2%2Fproduct_cat&post=662"},{"taxonomy":"product_tag","embeddable":true,"href":"https:\/\/montclairfc.store\/index.php?rest_route=%2Fwp%2Fv2%2Fproduct_tag&post=662"}],"curies":[{"name":"wp","href":"https:\/\/api.w.org\/{rel}","templated":true}]}}