{"id":718,"date":"2021-09-18T00:05:12","date_gmt":"2021-09-18T00:05:12","guid":{"rendered":"https:\/\/montclairfc.store\/index.php\/product\/camiseta-seleccion-peruana-alterna-2019-edicion-especial-el-corazon-de-todos-copy\/"},"modified":"2022-08-25T02:16:44","modified_gmt":"2022-08-25T02:16:44","slug":"camiseta-seleccion-peruana-2018-2019","status":"publish","type":"product","link":"https:\/\/montclairfc.store\/?product=camiseta-seleccion-peruana-2018-2019","title":{"rendered":"Camiseta Selecci\u00f3n Peruana 2018-2019"},"content":{"rendered":"<p>La nueva versi\u00f3n llevar\u00e1 como es tradicional el cl\u00e1sico formato con la base de color blanco y la franja diagonal roja recorriendo todo el frente.<\/p>\n<p>Las principales novedades ser\u00e1n que la manga izquierda y lo alto de la espalda estar\u00e1n en rojo al igual que el cuello y las finas l\u00edneas que recorren los laterales.<\/p>\n<p>El modelo incluye finos toques en un rojo m\u00e1s oscuro , lleva el escudo aplicado en alto relieve y tres perforaciones l\u00e1ser en los costados junto con un escudo minimalista.<\/p>\n<p>Entre los detalles personalizados se incluir\u00e1 uno de los apodos que tiene la selecci\u00f3n peruana, <strong>&#8220;La Blanquirroja&#8221;, <\/strong>en lo alto de la espalda y en el interior la leyenda\u00a0<strong>&#8220;Coraz\u00f3n, alma y vida&#8221;.<\/strong><\/p>\n","protected":false},"excerpt":{"rendered":"<p>Demuestra tu pasi\u00f3n por la selecci\u00f3n con la <strong>Camiseta Per\u00fa 2018-2019 <\/strong>est\u00e1 pensada para tu rutina diaria o entrenamientos.\u00a0 Esta<strong>\u00a0camiseta deportiva<\/strong>\u00a0est\u00e1 hecha a partir de una combinaci\u00f3n de suaves materiales y posee un ajuste preciso para una excelente movilidad.<\/p>\n","protected":false},"featured_media":719,"comment_status":"open","ping_status":"closed","template":"","meta":[],"product_brand":[],"product_cat":[28,30],"product_tag":[],"class_list":{"0":"post-718","1":"product","2":"type-product","3":"status-publish","4":"has-post-thumbnail","6":"product_cat-camisetas","7":"product_cat-fpf","9":"first","10":"instock","11":"shipping-taxable","12":"purchasable","13":"product-type-variable"},"jetpack_sharing_enabled":true,"_links":{"self":[{"href":"https:\/\/montclairfc.store\/index.php?rest_route=\/wp\/v2\/product\/718","targetHints":{"allow":["GET"]}}],"collection":[{"href":"https:\/\/montclairfc.store\/index.php?rest_route=\/wp\/v2\/product"}],"about":[{"href":"https:\/\/montclairfc.store\/index.php?rest_route=\/wp\/v2\/types\/product"}],"replies":[{"embeddable":true,"href":"https:\/\/montclairfc.store\/index.php?rest_route=%2Fwp%2Fv2%2Fcomments&post=718"}],"wp:featuredmedia":[{"embeddable":true,"href":"https:\/\/montclairfc.store\/index.php?rest_route=\/wp\/v2\/media\/719"}],"wp:attachment":[{"href":"https:\/\/montclairfc.store\/index.php?rest_route=%2Fwp%2Fv2%2Fmedia&parent=718"}],"wp:term":[{"taxonomy":"product_brand","embeddable":true,"href":"https:\/\/montclairfc.store\/index.php?rest_route=%2Fwp%2Fv2%2Fproduct_brand&post=718"},{"taxonomy":"product_cat","embeddable":true,"href":"https:\/\/montclairfc.store\/index.php?rest_route=%2Fwp%2Fv2%2Fproduct_cat&post=718"},{"taxonomy":"product_tag","embeddable":true,"href":"https:\/\/montclairfc.store\/index.php?rest_route=%2Fwp%2Fv2%2Fproduct_tag&post=718"}],"curies":[{"name":"wp","href":"https:\/\/api.w.org\/{rel}","templated":true}]}}