{"id":738,"date":"2021-09-18T23:52:43","date_gmt":"2021-09-18T23:52:43","guid":{"rendered":"https:\/\/montclairfc.store\/index.php\/product\/camiseta-seleccion-peruana-2018-2-copy\/"},"modified":"2023-07-25T13:20:14","modified_gmt":"2023-07-25T13:20:14","slug":"camiseta-seleccion-peruana-alterna-2018-edicion-limitada-la-negrita","status":"publish","type":"product","link":"https:\/\/montclairfc.store\/?product=camiseta-seleccion-peruana-alterna-2018-edicion-limitada-la-negrita","title":{"rendered":"Camiseta Selecci\u00f3n Peruana Alterna 2018 Edici\u00f3n Limitada &#8211; La Negrita"},"content":{"rendered":"<p>La marca inglesa Umbro visti\u00f3 a la Selecci\u00f3n Peruana en Rusia y saco un modelo hist\u00f3rico por el regreso del equipo de todos a un Mundial luego de 36 a\u00f1os.<\/p>\n<div>La franja es la huella digital de nuestra camiseta. Es lo que no puede cambiar. Simboliza la sangre y el esfuerzo de los jugadores.<\/div>\n<div>La han llamado &#8216;la camiseta m\u00e1s bonita de este hermoso juego&#8217; y est\u00e1 a la altura de esas con su dise\u00f1o simple pero distintivo.<\/div>\n<div>Per\u00fa tiene uno de los mejores dise\u00f1os de camiseta en la historia de los deportes. Ha sido muy elogiada cada vez que engalanado la fase final de la Copa del Mundo.<\/div>\n<p>La camiseta <strong>La Negrita 2018 Edici\u00f3n Limitada<\/strong>. Est\u00e1 bien, no vamos a negar la belleza y sensualidad de la camiseta. Su fondo negro, su banda diagonal en rojo y sus detalles dorados en los bordes de la misma banda, as\u00ed como en el cuello y los hombros, hacen que uno suspire cuando uno ve la camiseta. La edici\u00f3n limitada, aclaramos, No ser\u00e1 usada por los jugadores en el campo, solo es un modelo para los hinchas.<\/p>\n","protected":false},"excerpt":{"rendered":"<p>Demuestra tu pasi\u00f3n por la selecci\u00f3n nacional con <strong>Umbro<\/strong>. La\u00a0<strong>camiseta Umbro FPF<\/strong> est\u00e1 pensada para tu rutina diaria o entrenamientos. Esta <strong>camiseta deportiva<\/strong>\u00a0est\u00e1 hecho a partir de una combinaci\u00f3n de suaves materiales y posee un ajuste preciso para una excelente movilidad.<\/p>\n","protected":false},"featured_media":741,"comment_status":"open","ping_status":"closed","template":"","meta":[],"product_brand":[],"product_cat":[28,30],"product_tag":[],"class_list":{"0":"post-738","1":"product","2":"type-product","3":"status-publish","4":"has-post-thumbnail","6":"product_cat-camisetas","7":"product_cat-fpf","9":"first","10":"outofstock","11":"shipping-taxable","12":"purchasable","13":"product-type-variable"},"jetpack_sharing_enabled":true,"_links":{"self":[{"href":"https:\/\/montclairfc.store\/index.php?rest_route=\/wp\/v2\/product\/738","targetHints":{"allow":["GET"]}}],"collection":[{"href":"https:\/\/montclairfc.store\/index.php?rest_route=\/wp\/v2\/product"}],"about":[{"href":"https:\/\/montclairfc.store\/index.php?rest_route=\/wp\/v2\/types\/product"}],"replies":[{"embeddable":true,"href":"https:\/\/montclairfc.store\/index.php?rest_route=%2Fwp%2Fv2%2Fcomments&post=738"}],"wp:featuredmedia":[{"embeddable":true,"href":"https:\/\/montclairfc.store\/index.php?rest_route=\/wp\/v2\/media\/741"}],"wp:attachment":[{"href":"https:\/\/montclairfc.store\/index.php?rest_route=%2Fwp%2Fv2%2Fmedia&parent=738"}],"wp:term":[{"taxonomy":"product_brand","embeddable":true,"href":"https:\/\/montclairfc.store\/index.php?rest_route=%2Fwp%2Fv2%2Fproduct_brand&post=738"},{"taxonomy":"product_cat","embeddable":true,"href":"https:\/\/montclairfc.store\/index.php?rest_route=%2Fwp%2Fv2%2Fproduct_cat&post=738"},{"taxonomy":"product_tag","embeddable":true,"href":"https:\/\/montclairfc.store\/index.php?rest_route=%2Fwp%2Fv2%2Fproduct_tag&post=738"}],"curies":[{"name":"wp","href":"https:\/\/api.w.org\/{rel}","templated":true}]}}