{"id":762,"date":"2021-09-19T15:42:54","date_gmt":"2021-09-19T15:42:54","guid":{"rendered":"https:\/\/montclairfc.store\/index.php\/product\/camiseta-seleccion-peruana-retro-1985-copy\/"},"modified":"2024-08-22T04:13:02","modified_gmt":"2024-08-22T04:13:02","slug":"camiseta-seleccion-chilena-1982","status":"publish","type":"product","link":"https:\/\/montclairfc.store\/?product=camiseta-seleccion-chilena-1982","title":{"rendered":"Camiseta Selecci\u00f3n Chilena 1982 Retro"},"content":{"rendered":"<p>La camiseta de la Selecci\u00f3n de Chile del Mundial del 82, la misma que Carlos Caszely us\u00f3 en Espa\u00f1a, de cuello en punta, fue vestida por distintos personajes del mundo de la televisi\u00f3n y del deporte, como una forma de rememorar una polera que marc\u00f3 historia de estilo en el f\u00fatbol nacional.<\/p>\n","protected":false},"excerpt":{"rendered":"<div>\n<p>Demuestra tu pasi\u00f3n por la selecci\u00f3n con la\u00a0<strong>Camiseta Chile Retro 1982<\/strong><strong>. <\/strong>Esta<strong>\u00a0camiseta deportiva<\/strong> est\u00e1 hecha a partir de una combinaci\u00f3n de suaves materiales y posee un ajuste preciso para una excelente movilidad.<\/p>\n<p>&nbsp;<\/p>\n<\/div>\n<div><\/div>\n","protected":false},"featured_media":764,"comment_status":"open","ping_status":"closed","template":"","meta":[],"product_brand":[],"product_cat":[28,58,32],"product_tag":[],"class_list":{"0":"post-762","1":"product","2":"type-product","3":"status-publish","4":"has-post-thumbnail","6":"product_cat-camisetas","7":"product_cat-retro","8":"product_cat-selecciones","10":"first","11":"outofstock","12":"shipping-taxable","13":"product-type-variable"},"jetpack_sharing_enabled":true,"_links":{"self":[{"href":"https:\/\/montclairfc.store\/index.php?rest_route=\/wp\/v2\/product\/762","targetHints":{"allow":["GET"]}}],"collection":[{"href":"https:\/\/montclairfc.store\/index.php?rest_route=\/wp\/v2\/product"}],"about":[{"href":"https:\/\/montclairfc.store\/index.php?rest_route=\/wp\/v2\/types\/product"}],"replies":[{"embeddable":true,"href":"https:\/\/montclairfc.store\/index.php?rest_route=%2Fwp%2Fv2%2Fcomments&post=762"}],"wp:featuredmedia":[{"embeddable":true,"href":"https:\/\/montclairfc.store\/index.php?rest_route=\/wp\/v2\/media\/764"}],"wp:attachment":[{"href":"https:\/\/montclairfc.store\/index.php?rest_route=%2Fwp%2Fv2%2Fmedia&parent=762"}],"wp:term":[{"taxonomy":"product_brand","embeddable":true,"href":"https:\/\/montclairfc.store\/index.php?rest_route=%2Fwp%2Fv2%2Fproduct_brand&post=762"},{"taxonomy":"product_cat","embeddable":true,"href":"https:\/\/montclairfc.store\/index.php?rest_route=%2Fwp%2Fv2%2Fproduct_cat&post=762"},{"taxonomy":"product_tag","embeddable":true,"href":"https:\/\/montclairfc.store\/index.php?rest_route=%2Fwp%2Fv2%2Fproduct_tag&post=762"}],"curies":[{"name":"wp","href":"https:\/\/api.w.org\/{rel}","templated":true}]}}