{"id":785,"date":"2021-09-19T15:58:40","date_gmt":"2021-09-19T15:58:40","guid":{"rendered":"https:\/\/montclairfc.store\/index.php\/product\/camiseta-seleccion-argentina-retro-1978-copy\/"},"modified":"2024-06-06T20:13:29","modified_gmt":"2024-06-06T20:13:29","slug":"camiseta-seleccion-argentina-copa-america-2021","status":"publish","type":"product","link":"https:\/\/montclairfc.store\/?product=camiseta-seleccion-argentina-copa-america-2021","title":{"rendered":"Camiseta Selecci\u00f3n Argentina Copa Am\u00e9rica 2021 Campeones de Am\u00e9rica &#8211; Nos Unieron Estos Colores"},"content":{"rendered":"<p><strong>Nos Unieron Estos Colores!<\/strong><br \/>\nEsta nueva persentaci\u00f3n de la camiseta de la Selecci\u00f3n Argentina presenta estampado en el frente el n\u00famero de campeonatos de Copa Am\u00e9rica obtenidos hasta la fecha, y en la espalda un dise\u00f1o que conmemora a quienes lo hicieron posible.<br \/>\nHecha para un verdadero hincha, demostr\u00e1 tu pasi\u00f3n por la selecci\u00f3n Argentina con esta camiseta de f\u00fatbol.<br \/>\nRefleja la uni\u00f3n que genera en todo el mundo tanto en el juego como en los estadios y en las calles.<br \/>\nEn nuestro pa\u00eds, de Ushuaia a La Quiaca, el f\u00fatbol trasciende las fronteras de cada provincia Argentina llegando a cada uno de sus rincones y embander\u00e1ndonos detr\u00e1s de nuestro equipo.<br \/>\nTodo porque el f\u00fatbol nos une y nos hace \u00fanicos a la vez.<\/p>\n","protected":false},"excerpt":{"rendered":"<div>\n<p>Demuestra tu pasi\u00f3n por la selecci\u00f3n con la\u00a0<strong>Camiseta Argentina 2021<\/strong><strong>. <\/strong>Esta<strong>\u00a0camiseta deportiva<\/strong> est\u00e1 hecha a partir de una combinaci\u00f3n de suaves materiales y posee un ajuste preciso para una excelente movilidad.<\/p>\n<p>&nbsp;<\/p>\n<\/div>\n<div><\/div>\n","protected":false},"featured_media":787,"comment_status":"open","ping_status":"closed","template":"","meta":[],"product_brand":[],"product_cat":[28,32],"product_tag":[],"class_list":{"0":"post-785","1":"product","2":"type-product","3":"status-publish","4":"has-post-thumbnail","6":"product_cat-camisetas","7":"product_cat-selecciones","9":"first","10":"outofstock","11":"shipping-taxable","12":"product-type-variable"},"jetpack_sharing_enabled":true,"_links":{"self":[{"href":"https:\/\/montclairfc.store\/index.php?rest_route=\/wp\/v2\/product\/785","targetHints":{"allow":["GET"]}}],"collection":[{"href":"https:\/\/montclairfc.store\/index.php?rest_route=\/wp\/v2\/product"}],"about":[{"href":"https:\/\/montclairfc.store\/index.php?rest_route=\/wp\/v2\/types\/product"}],"replies":[{"embeddable":true,"href":"https:\/\/montclairfc.store\/index.php?rest_route=%2Fwp%2Fv2%2Fcomments&post=785"}],"wp:featuredmedia":[{"embeddable":true,"href":"https:\/\/montclairfc.store\/index.php?rest_route=\/wp\/v2\/media\/787"}],"wp:attachment":[{"href":"https:\/\/montclairfc.store\/index.php?rest_route=%2Fwp%2Fv2%2Fmedia&parent=785"}],"wp:term":[{"taxonomy":"product_brand","embeddable":true,"href":"https:\/\/montclairfc.store\/index.php?rest_route=%2Fwp%2Fv2%2Fproduct_brand&post=785"},{"taxonomy":"product_cat","embeddable":true,"href":"https:\/\/montclairfc.store\/index.php?rest_route=%2Fwp%2Fv2%2Fproduct_cat&post=785"},{"taxonomy":"product_tag","embeddable":true,"href":"https:\/\/montclairfc.store\/index.php?rest_route=%2Fwp%2Fv2%2Fproduct_tag&post=785"}],"curies":[{"name":"wp","href":"https:\/\/api.w.org\/{rel}","templated":true}]}}