{"id":821,"date":"2021-09-20T01:15:36","date_gmt":"2021-09-20T01:15:36","guid":{"rendered":"https:\/\/montclairfc.store\/index.php\/product\/camiseta-alianza-lima-retro-1997-copy\/"},"modified":"2023-12-15T03:34:02","modified_gmt":"2023-12-15T03:34:02","slug":"camiseta-universitario-de-deportes-2020","status":"publish","type":"product","link":"https:\/\/montclairfc.store\/?product=camiseta-universitario-de-deportes-2020","title":{"rendered":"Camiseta Universitario de Deportes 2020 Vamos Merenge &#8211; 96 a\u00f1os"},"content":{"rendered":"<p>Para los hinchas con garra, la <strong>Camiseta Universitario 2020<\/strong>\u00a0de\u00a0<strong>Marathon Sports<\/strong>. Esta\u00a0<strong>camiseta de f\u00fatbol<\/strong>\u00a0viene con un dise\u00f1o inspirado en elm\u00edtico estadio Lolo Fern\u00e1ndez sobre sus mangas, para as\u00ed celebrar la tradici\u00f3n dejada por el primer hogar del equipo. Asimismo, est\u00e1 confeccionada con un tejido microperforado y a\u00f1ade\u00a0<strong>tecnolog\u00eda Hidrotec<\/strong>\u00a0para evaporar el sudor con mayor facilidad. Alienta sin parar y con m\u00e1xima comodidad.<\/p>\n","protected":false},"excerpt":{"rendered":"<p>Lleva la garra crema en la cancha o en tu rutina diaria con la\u00a0<strong>camiseta<\/strong>\u00a0de\u00a0<strong>Universitario de Deportes<\/strong>\u00a0que\u00a0<strong>Marathon Sports<\/strong>\u00a0tiene para ti.<\/p>\n","protected":false},"featured_media":822,"comment_status":"open","ping_status":"closed","template":"","meta":[],"product_brand":[],"product_cat":[28,31],"product_tag":[],"class_list":{"0":"post-821","1":"product","2":"type-product","3":"status-publish","4":"has-post-thumbnail","6":"product_cat-camisetas","7":"product_cat-clubes","9":"first","10":"outofstock","11":"shipping-taxable","12":"product-type-variable"},"jetpack_sharing_enabled":true,"_links":{"self":[{"href":"https:\/\/montclairfc.store\/index.php?rest_route=\/wp\/v2\/product\/821","targetHints":{"allow":["GET"]}}],"collection":[{"href":"https:\/\/montclairfc.store\/index.php?rest_route=\/wp\/v2\/product"}],"about":[{"href":"https:\/\/montclairfc.store\/index.php?rest_route=\/wp\/v2\/types\/product"}],"replies":[{"embeddable":true,"href":"https:\/\/montclairfc.store\/index.php?rest_route=%2Fwp%2Fv2%2Fcomments&post=821"}],"wp:featuredmedia":[{"embeddable":true,"href":"https:\/\/montclairfc.store\/index.php?rest_route=\/wp\/v2\/media\/822"}],"wp:attachment":[{"href":"https:\/\/montclairfc.store\/index.php?rest_route=%2Fwp%2Fv2%2Fmedia&parent=821"}],"wp:term":[{"taxonomy":"product_brand","embeddable":true,"href":"https:\/\/montclairfc.store\/index.php?rest_route=%2Fwp%2Fv2%2Fproduct_brand&post=821"},{"taxonomy":"product_cat","embeddable":true,"href":"https:\/\/montclairfc.store\/index.php?rest_route=%2Fwp%2Fv2%2Fproduct_cat&post=821"},{"taxonomy":"product_tag","embeddable":true,"href":"https:\/\/montclairfc.store\/index.php?rest_route=%2Fwp%2Fv2%2Fproduct_tag&post=821"}],"curies":[{"name":"wp","href":"https:\/\/api.w.org\/{rel}","templated":true}]}}