{"id":903,"date":"2021-09-24T19:06:51","date_gmt":"2021-09-24T19:06:51","guid":{"rendered":"https:\/\/montclairfc.store\/index.php\/product\/camiseta-seleccion-peruana-retro-1985-copy\/"},"modified":"2021-12-17T04:47:14","modified_gmt":"2021-12-17T04:47:14","slug":"camiseta-seleccion-peruana-retro-1985-copy","status":"publish","type":"product","link":"https:\/\/montclairfc.store\/?product=camiseta-seleccion-peruana-retro-1985-copy","title":{"rendered":"Camiseta Selecci\u00f3n Peruana Retro 1991"},"content":{"rendered":"<div>Selecci\u00f3n Peruana con marca Diadora Copa Am\u00e9rica 1991<\/div>\n<div><strong>Diadora<\/strong>\u00a0visti\u00f3 a la selecci\u00f3n peruana para la Copa Am\u00e9rica 1991.<\/div>\n<div><\/div>\n<div>La marca italiana visti\u00f3 a la selecci\u00f3n por un corto periodo en las eliminatorias a Italia 90\u2019. La camiseta ten\u00eda cuello \u2018V\u2019, un escudo simple y una tipograf\u00eda utilizada en los n\u00fameros desatinada.<\/div>\n","protected":false},"excerpt":{"rendered":"<div>\n<p>Demuestra tu pasi\u00f3n por la selecci\u00f3n con la\u00a0<strong>Camiseta Per\u00fa Retro 1991<\/strong><strong>. <\/strong>Esta<strong>\u00a0camiseta deportiva<\/strong> est\u00e1 hecha a partir de una combinaci\u00f3n de suaves materiales y posee un ajuste preciso para una excelente movilidad.<\/p>\n<p>&nbsp;<\/p>\n<\/div>\n<div><\/div>\n","protected":false},"featured_media":908,"comment_status":"open","ping_status":"closed","template":"","meta":[],"product_brand":[],"product_cat":[28,30,58],"product_tag":[],"class_list":{"0":"post-903","1":"product","2":"type-product","3":"status-publish","4":"has-post-thumbnail","6":"product_cat-camisetas","7":"product_cat-fpf","8":"product_cat-retro","10":"first","11":"outofstock","12":"shipping-taxable","13":"product-type-variable"},"jetpack_sharing_enabled":true,"_links":{"self":[{"href":"https:\/\/montclairfc.store\/index.php?rest_route=\/wp\/v2\/product\/903","targetHints":{"allow":["GET"]}}],"collection":[{"href":"https:\/\/montclairfc.store\/index.php?rest_route=\/wp\/v2\/product"}],"about":[{"href":"https:\/\/montclairfc.store\/index.php?rest_route=\/wp\/v2\/types\/product"}],"replies":[{"embeddable":true,"href":"https:\/\/montclairfc.store\/index.php?rest_route=%2Fwp%2Fv2%2Fcomments&post=903"}],"wp:featuredmedia":[{"embeddable":true,"href":"https:\/\/montclairfc.store\/index.php?rest_route=\/wp\/v2\/media\/908"}],"wp:attachment":[{"href":"https:\/\/montclairfc.store\/index.php?rest_route=%2Fwp%2Fv2%2Fmedia&parent=903"}],"wp:term":[{"taxonomy":"product_brand","embeddable":true,"href":"https:\/\/montclairfc.store\/index.php?rest_route=%2Fwp%2Fv2%2Fproduct_brand&post=903"},{"taxonomy":"product_cat","embeddable":true,"href":"https:\/\/montclairfc.store\/index.php?rest_route=%2Fwp%2Fv2%2Fproduct_cat&post=903"},{"taxonomy":"product_tag","embeddable":true,"href":"https:\/\/montclairfc.store\/index.php?rest_route=%2Fwp%2Fv2%2Fproduct_tag&post=903"}],"curies":[{"name":"wp","href":"https:\/\/api.w.org\/{rel}","templated":true}]}}