{"id":998,"date":"2021-10-04T05:25:47","date_gmt":"2021-10-04T05:25:47","guid":{"rendered":"https:\/\/montclairfc.store\/index.php\/product\/camiseta-alianza-lima-retro-1997-copy\/"},"modified":"2023-04-22T01:14:12","modified_gmt":"2023-04-22T01:14:12","slug":"camiseta-alianza-lima-alterna-2021","status":"publish","type":"product","link":"https:\/\/montclairfc.store\/?product=camiseta-alianza-lima-alterna-2021","title":{"rendered":"Camiseta Alianza Lima Alterna 2021"},"content":{"rendered":"<p>La\u00a0<strong>Camiseta Alianza Lima Campe\u00f3n Nacional Alterna 2021 <\/strong>de\u00a0<strong>Nike<\/strong> se inspira en la grandeza de la historia del club de La Victoria y su conexi\u00f3n con el Per\u00fa; el modelo 2021honra los or\u00edgenes y su creaci\u00f3n con el color verde.<\/p>\n<p>Su dise\u00f1o se inspira en la arquitectura inca y destacando al sol y cuenta con cuenta con la tecnolog\u00eda\u00a0<strong>Move to Zero<\/strong>.<\/p>\n<p>La camiseta alterna del Campe\u00f3n nacional 2021, tras un a\u00f1o lleno de emociones el elenco intimo de la victoria logr\u00f3 una a\u00f1o perfecto al coronarse campe\u00f3n.<\/p>\n<p>La camiseta que rompi\u00f3 records de venta luce cuello redondo y fino acabado en las mangas y detr\u00e1s del cuello, y los sponsors tanto en el pecho como en las mangas, fueron estas empresas las que apostaron por el club durante todo el a\u00f1o 2021.\u00a0 Alianza Lima Campe\u00f3n.<\/p>\n<p>\u00a1A LA VICTORIA VOLVEREMOS PARA VERTE CAMPEONAR!<\/p>\n","protected":false},"excerpt":{"rendered":"<p>Nos une la pasi\u00f3n, nos define una historia, todos nuestros corazones palpitan con el mismo sentimiento. <strong>Juntos Somos Coraz\u00f3n, Juntos Somos Alianza.<\/strong><\/p>\n","protected":false},"featured_media":1386,"comment_status":"open","ping_status":"closed","template":"","meta":[],"product_brand":[],"product_cat":[28,31],"product_tag":[],"class_list":{"0":"post-998","1":"product","2":"type-product","3":"status-publish","4":"has-post-thumbnail","6":"product_cat-camisetas","7":"product_cat-clubes","9":"first","10":"outofstock","11":"shipping-taxable","12":"product-type-variable"},"jetpack_sharing_enabled":true,"_links":{"self":[{"href":"https:\/\/montclairfc.store\/index.php?rest_route=\/wp\/v2\/product\/998","targetHints":{"allow":["GET"]}}],"collection":[{"href":"https:\/\/montclairfc.store\/index.php?rest_route=\/wp\/v2\/product"}],"about":[{"href":"https:\/\/montclairfc.store\/index.php?rest_route=\/wp\/v2\/types\/product"}],"replies":[{"embeddable":true,"href":"https:\/\/montclairfc.store\/index.php?rest_route=%2Fwp%2Fv2%2Fcomments&post=998"}],"wp:featuredmedia":[{"embeddable":true,"href":"https:\/\/montclairfc.store\/index.php?rest_route=\/wp\/v2\/media\/1386"}],"wp:attachment":[{"href":"https:\/\/montclairfc.store\/index.php?rest_route=%2Fwp%2Fv2%2Fmedia&parent=998"}],"wp:term":[{"taxonomy":"product_brand","embeddable":true,"href":"https:\/\/montclairfc.store\/index.php?rest_route=%2Fwp%2Fv2%2Fproduct_brand&post=998"},{"taxonomy":"product_cat","embeddable":true,"href":"https:\/\/montclairfc.store\/index.php?rest_route=%2Fwp%2Fv2%2Fproduct_cat&post=998"},{"taxonomy":"product_tag","embeddable":true,"href":"https:\/\/montclairfc.store\/index.php?rest_route=%2Fwp%2Fv2%2Fproduct_tag&post=998"}],"curies":[{"name":"wp","href":"https:\/\/api.w.org\/{rel}","templated":true}]}}